{"id":1759,"date":"2021-08-30T10:39:49","date_gmt":"2021-08-30T08:39:49","guid":{"rendered":"https:\/\/www.kalyane-consulting.com\/refonte\/?page_id=1759"},"modified":"2022-04-12T17:13:47","modified_gmt":"2022-04-12T15:13:47","slug":"nous-connaitre","status":"publish","type":"page","link":"https:\/\/formatexia.com\/refonte\/nous-connaitre\/","title":{"rendered":"NOUS CONNAITRE"},"content":{"rendered":"\t\t<div data-elementor-type=\"wp-page\" data-elementor-id=\"1759\" class=\"elementor elementor-1759\" data-elementor-settings=\"[]\">\n\t\t\t\t\t\t\t<div class=\"elementor-section-wrap\">\n\t\t\t\t\t\t\t<section class=\"elementor-section elementor-top-section elementor-element elementor-element-baf2f9 elementor-section-stretched elementor-section-height-min-height elementor-section-boxed elementor-section-height-default elementor-section-items-middle elementor-invisible\" data-id=\"baf2f9\" data-element_type=\"section\" data-settings=\"{&quot;background_background&quot;:&quot;classic&quot;,&quot;stretch_section&quot;:&quot;section-stretched&quot;,&quot;animation&quot;:&quot;fadeIn&quot;}\">\n\t\t\t\t\t\t\t<div class=\"elementor-background-overlay\"><\/div>\n\t\t\t\t\t\t\t<div class=\"elementor-container elementor-column-gap-no\">\n\t\t\t\t\t<div class=\"elementor-column elementor-col-100 elementor-top-column elementor-element elementor-element-7ad29e8c\" data-id=\"7ad29e8c\" data-element_type=\"column\">\n\t\t\t<div class=\"elementor-widget-wrap elementor-element-populated\">\n\t\t\t\t\t\t\t\t<div class=\"elementor-element elementor-element-2dece9f8 elementor-widget elementor-widget-heading\" data-id=\"2dece9f8\" data-element_type=\"widget\" data-widget_type=\"heading.default\">\n\t\t\t\t<div class=\"elementor-widget-container\">\n\t\t\t<h1 class=\"elementor-heading-title elementor-size-default\">NOUS CONNA\u00ceTRE<\/h1>\t\t<\/div>\n\t\t\t\t<\/div>\n\t\t\t\t<div class=\"elementor-element elementor-element-1b608f51 elementor-widget elementor-widget-text-editor\" data-id=\"1b608f51\" data-element_type=\"widget\" data-widget_type=\"text-editor.default\">\n\t\t\t\t<div class=\"elementor-widget-container\">\n\t\t\t\t\t\t\t<p>\u00ab\u00a0De la prise de contact \u00e0 la finalisation de vos projets, Formatexia vous accompagne \u00e0 chaque \u00e9tape de vos besoins.\u00a0\u00bb<\/p>\t\t\t\t\t\t<\/div>\n\t\t\t\t<\/div>\n\t\t\t\t\t<\/div>\n\t\t<\/div>\n\t\t\t\t\t\t\t<\/div>\n\t\t<\/section>\n\t\t\t\t<section class=\"elementor-section elementor-top-section elementor-element elementor-element-8b72646 elementor-section-stretched elementor-section-boxed elementor-section-height-default elementor-section-height-default\" data-id=\"8b72646\" data-element_type=\"section\" data-settings=\"{&quot;stretch_section&quot;:&quot;section-stretched&quot;}\">\n\t\t\t\t\t\t<div class=\"elementor-container elementor-column-gap-default\">\n\t\t\t\t\t<div class=\"elementor-column elementor-col-100 elementor-top-column elementor-element elementor-element-c27edf4\" data-id=\"c27edf4\" data-element_type=\"column\">\n\t\t\t<div class=\"elementor-widget-wrap elementor-element-populated\">\n\t\t\t\t\t\t\t\t<div class=\"elementor-element elementor-element-d34ad93 elementor-widget elementor-widget-heading\" data-id=\"d34ad93\" data-element_type=\"widget\" data-widget_type=\"heading.default\">\n\t\t\t\t<div class=\"elementor-widget-container\">\n\t\t\t<h2 class=\"elementor-heading-title elementor-size-default\">NOS ENGAGEMENTS QUALIT\u00c9<\/h2>\t\t<\/div>\n\t\t\t\t<\/div>\n\t\t\t\t\t<\/div>\n\t\t<\/div>\n\t\t\t\t\t\t\t<\/div>\n\t\t<\/section>\n\t\t\t\t<section class=\"elementor-section elementor-top-section elementor-element elementor-element-9c8865a elementor-section-stretched elementor-section-boxed elementor-section-height-default elementor-section-height-default\" data-id=\"9c8865a\" data-element_type=\"section\" data-settings=\"{&quot;stretch_section&quot;:&quot;section-stretched&quot;}\">\n\t\t\t\t\t\t<div class=\"elementor-container elementor-column-gap-default\">\n\t\t\t\t\t<div class=\"elementor-column elementor-col-50 elementor-top-column elementor-element elementor-element-945cde1\" data-id=\"945cde1\" data-element_type=\"column\">\n\t\t\t<div class=\"elementor-widget-wrap elementor-element-populated\">\n\t\t\t\t\t\t\t\t<div class=\"elementor-element elementor-element-2941cab elementor-widget elementor-widget-text-editor\" data-id=\"2941cab\" data-element_type=\"widget\" data-widget_type=\"text-editor.default\">\n\t\t\t\t<div class=\"elementor-widget-container\">\n\t\t\t\t\t\t\t<p>&gt; <span class=\"s2\">Etre \u00e0 l\u2019\u00e9coute de nos clients dans l&rsquo;analyse de leurs besoins r\u00e9els et leur conseiller le plan d&rsquo;actions le plus adapt\u00e9.<\/span><\/p><p>&gt; A<span class=\"s2\">ssurer une r\u00e9activit\u00e9 commerciale et administrative, afin que la chaine du process de formation soit constamment en action.<\/span><\/p><p>&gt; C<span class=\"s2\">oncevoir chaque programme de formation en compl\u00e8te coh\u00e9rence avec les objectifs poursuivis en tenant compte des diff\u00e9rents profils des stagiaires.<\/span><\/p><p>&gt; S<span class=\"s2\">\u2019assurer de l\u2019expertise de nos formateurs via un audit de recrutement sophisitqu\u00e9.<\/span><\/p><p>&gt; M<span class=\"s2\">issionner nos formateurs sur la base de leurs connaissances th\u00e9oriques et pratiques, et \u00e9galement de leur savoir-faire p\u00e9dagogique pour une meilleure transmission des savoirs.<\/span><\/p>\t\t\t\t\t\t<\/div>\n\t\t\t\t<\/div>\n\t\t\t\t\t<\/div>\n\t\t<\/div>\n\t\t\t\t<div class=\"elementor-column elementor-col-50 elementor-top-column elementor-element elementor-element-a90ff04\" data-id=\"a90ff04\" data-element_type=\"column\">\n\t\t\t<div class=\"elementor-widget-wrap elementor-element-populated\">\n\t\t\t\t\t\t\t\t<div class=\"elementor-element elementor-element-68a4845 elementor-widget elementor-widget-text-editor\" data-id=\"68a4845\" data-element_type=\"widget\" data-widget_type=\"text-editor.default\">\n\t\t\t\t<div class=\"elementor-widget-container\">\n\t\t\t\t\t\t\t<p>&gt; A<span class=\"s2\">ssurer nos formations syst\u00e9matiquement dans le cadre de l\u2019entreprise afin d\u2019identifier les probl\u00e9matiques et contraintes sp\u00e9cifiques mais aussi afin d\u2019engager le plus rapidement possible la mise en situation<\/span><\/p><p>&gt; A<span class=\"s2\">nimer nos formations de fa\u00e7on vivante et privil\u00e9gier autant que possible les situations de mise en pratique pour optimiser l\u2019acquisition des connaissances.<\/span><\/p><p>&gt; M<span class=\"s2\">esurer syst\u00e9matiquement la qualit\u00e9 de nos formations dans le cadre de notre d\u00e9marche d&rsquo;am\u00e9lioration continue<\/span><\/p><p>&gt; P<span class=\"s2\">roc\u00e9der \u00e0 une veille r\u00e9glementaire et technologique permettant d&rsquo;actualiser r\u00e9guli\u00e8rement nos connaissances et celles de nos intervenants \u00a0<\/span><\/p>\t\t\t\t\t\t<\/div>\n\t\t\t\t<\/div>\n\t\t\t\t\t<\/div>\n\t\t<\/div>\n\t\t\t\t\t\t\t<\/div>\n\t\t<\/section>\n\t\t\t\t<section class=\"elementor-section elementor-top-section elementor-element elementor-element-ae8e884 elementor-section-stretched elementor-section-boxed elementor-section-height-default elementor-section-height-default\" data-id=\"ae8e884\" data-element_type=\"section\" data-settings=\"{&quot;stretch_section&quot;:&quot;section-stretched&quot;}\">\n\t\t\t\t\t\t<div class=\"elementor-container elementor-column-gap-default\">\n\t\t\t\t\t<div class=\"elementor-column elementor-col-100 elementor-top-column elementor-element elementor-element-fe3c8cc\" data-id=\"fe3c8cc\" data-element_type=\"column\">\n\t\t\t<div class=\"elementor-widget-wrap elementor-element-populated\">\n\t\t\t\t\t\t\t\t<div class=\"elementor-element elementor-element-359b350 elementor-widget-divider--view-line elementor-widget elementor-widget-divider\" data-id=\"359b350\" data-element_type=\"widget\" data-widget_type=\"divider.default\">\n\t\t\t\t<div class=\"elementor-widget-container\">\n\t\t\t\t\t<div class=\"elementor-divider\">\n\t\t\t<span class=\"elementor-divider-separator\">\n\t\t\t\t\t\t<\/span>\n\t\t<\/div>\n\t\t\t\t<\/div>\n\t\t\t\t<\/div>\n\t\t\t\t\t<\/div>\n\t\t<\/div>\n\t\t\t\t\t\t\t<\/div>\n\t\t<\/section>\n\t\t\t\t<section class=\"elementor-section elementor-top-section elementor-element elementor-element-9baeab4 elementor-section-stretched elementor-section-height-min-height elementor-section-boxed elementor-section-height-default elementor-section-items-middle elementor-invisible\" data-id=\"9baeab4\" data-element_type=\"section\" data-settings=\"{&quot;background_background&quot;:&quot;classic&quot;,&quot;stretch_section&quot;:&quot;section-stretched&quot;,&quot;animation&quot;:&quot;fadeIn&quot;,&quot;background_motion_fx_motion_fx_scrolling&quot;:&quot;yes&quot;,&quot;background_motion_fx_translateY_effect&quot;:&quot;yes&quot;,&quot;background_motion_fx_translateY_speed&quot;:{&quot;unit&quot;:&quot;px&quot;,&quot;size&quot;:4.1,&quot;sizes&quot;:[]},&quot;background_motion_fx_translateY_affectedRange&quot;:{&quot;unit&quot;:&quot;%&quot;,&quot;size&quot;:&quot;&quot;,&quot;sizes&quot;:{&quot;start&quot;:0,&quot;end&quot;:100}},&quot;background_motion_fx_devices&quot;:[&quot;desktop&quot;,&quot;tablet&quot;,&quot;mobile&quot;]}\">\n\t\t\t\t\t\t\t<div class=\"elementor-background-overlay\"><\/div>\n\t\t\t\t\t\t\t<div class=\"elementor-container elementor-column-gap-no\">\n\t\t\t\t\t<div class=\"elementor-column elementor-col-100 elementor-top-column elementor-element elementor-element-6b85d55\" data-id=\"6b85d55\" data-element_type=\"column\">\n\t\t\t<div class=\"elementor-widget-wrap elementor-element-populated\">\n\t\t\t\t\t\t\t\t<div class=\"elementor-element elementor-element-d891fa5 elementor-widget elementor-widget-heading\" data-id=\"d891fa5\" data-element_type=\"widget\" data-widget_type=\"heading.default\">\n\t\t\t\t<div class=\"elementor-widget-container\">\n\t\t\t<h1 class=\"elementor-heading-title elementor-size-default\">DES CONNAISSANCES OPTIMIS\u00c9ES POUR DES SAVOIRS-FAIRE MA\u00ceTRIS\u00c9S<\/h1>\t\t<\/div>\n\t\t\t\t<\/div>\n\t\t\t\t\t<\/div>\n\t\t<\/div>\n\t\t\t\t\t\t\t<\/div>\n\t\t<\/section>\n\t\t\t\t<section class=\"elementor-section elementor-top-section elementor-element elementor-element-29cdd7c elementor-section-stretched elementor-section-boxed elementor-section-height-default elementor-section-height-default\" data-id=\"29cdd7c\" data-element_type=\"section\" data-settings=\"{&quot;stretch_section&quot;:&quot;section-stretched&quot;}\">\n\t\t\t\t\t\t<div class=\"elementor-container elementor-column-gap-wide\">\n\t\t\t\t\t<div class=\"elementor-column elementor-col-33 elementor-top-column elementor-element elementor-element-ac7dd47\" data-id=\"ac7dd47\" data-element_type=\"column\">\n\t\t\t<div class=\"elementor-widget-wrap elementor-element-populated\">\n\t\t\t\t\t\t\t\t<div class=\"elementor-element elementor-element-1063c17 elementor-widget elementor-widget-heading\" data-id=\"1063c17\" data-element_type=\"widget\" data-widget_type=\"heading.default\">\n\t\t\t\t<div class=\"elementor-widget-container\">\n\t\t\t<h4 class=\"elementor-heading-title elementor-size-default\">Mission<\/h4>\t\t<\/div>\n\t\t\t\t<\/div>\n\t\t\t\t<div class=\"elementor-element elementor-element-b8484c4 elementor-widget elementor-widget-text-editor\" data-id=\"b8484c4\" data-element_type=\"widget\" data-widget_type=\"text-editor.default\">\n\t\t\t\t<div class=\"elementor-widget-container\">\n\t\t\t\t\t\t\t<p class=\" additional-class-66535668 bd-content-element\">Parce que nous avons la conviction que la force d&rsquo;une entreprise repose sur son capital humain, <strong>Formatexia\u00a0<\/strong>vous ouvre les cl\u00e9s pour penser la strat\u00e9gie de valorisation de vos \u00e9quipes. Nous vous accompagnons dans l&rsquo;\u00e9tude de vos besoins, et mettons ensuite en oeuvre des prestations de formation en ad\u00e9quation avec ces priorit\u00e9s.<\/p>\t\t\t\t\t\t<\/div>\n\t\t\t\t<\/div>\n\t\t\t\t\t<\/div>\n\t\t<\/div>\n\t\t\t\t<div class=\"elementor-column elementor-col-33 elementor-top-column elementor-element elementor-element-e402583\" data-id=\"e402583\" data-element_type=\"column\">\n\t\t\t<div class=\"elementor-widget-wrap elementor-element-populated\">\n\t\t\t\t\t\t\t\t<div class=\"elementor-element elementor-element-23dbf6f elementor-widget elementor-widget-heading\" data-id=\"23dbf6f\" data-element_type=\"widget\" data-widget_type=\"heading.default\">\n\t\t\t\t<div class=\"elementor-widget-container\">\n\t\t\t<h4 class=\"elementor-heading-title elementor-size-default\">Vision<\/h4>\t\t<\/div>\n\t\t\t\t<\/div>\n\t\t\t\t<div class=\"elementor-element elementor-element-14c5a9b elementor-widget elementor-widget-text-editor\" data-id=\"14c5a9b\" data-element_type=\"widget\" data-widget_type=\"text-editor.default\">\n\t\t\t\t<div class=\"elementor-widget-container\">\n\t\t\t\t\t\t\t<p>La p\u00e9dagogie et les axes de r\u00e9flexion propos\u00e9s par les intervenants de <strong>Formatexia<\/strong>\u00a0sont adapt\u00e9s au niveau de chacun ainsi qu&rsquo;au poste occup\u00e9. R\u00e9pondant aux besoins de formation en ad\u00e9quation avec votre contexte professionnel, <strong>les formateurs de Formatexia<\/strong>\u00a0savent optimiser chaque instant de leur action et intervenir de mani\u00e8re cibl\u00e9e et constructive.<\/p>\t\t\t\t\t\t<\/div>\n\t\t\t\t<\/div>\n\t\t\t\t\t<\/div>\n\t\t<\/div>\n\t\t\t\t<div class=\"elementor-column elementor-col-33 elementor-top-column elementor-element elementor-element-7d8602e\" data-id=\"7d8602e\" data-element_type=\"column\">\n\t\t\t<div class=\"elementor-widget-wrap elementor-element-populated\">\n\t\t\t\t\t\t\t\t<div class=\"elementor-element elementor-element-dac0baf elementor-widget elementor-widget-heading\" data-id=\"dac0baf\" data-element_type=\"widget\" data-widget_type=\"heading.default\">\n\t\t\t\t<div class=\"elementor-widget-container\">\n\t\t\t<h4 class=\"elementor-heading-title elementor-size-default\">Valeur<\/h4>\t\t<\/div>\n\t\t\t\t<\/div>\n\t\t\t\t<div class=\"elementor-element elementor-element-936c0c1 elementor-widget elementor-widget-text-editor\" data-id=\"936c0c1\" data-element_type=\"widget\" data-widget_type=\"text-editor.default\">\n\t\t\t\t<div class=\"elementor-widget-container\">\n\t\t\t\t\t\t\t<p>Aucun d\u00e9placement superflu, les interventions se font au sein m\u00eame de votre entreprise. Ainsi, aucune perte de temps. Le formateur peut \u00e9valuer concr\u00e8tement les besoins et proposer des mises en pratique de solutions optimis\u00e9es selon vos locaux et leur \u00e9quipement.<\/p>\t\t\t\t\t\t<\/div>\n\t\t\t\t<\/div>\n\t\t\t\t\t<\/div>\n\t\t<\/div>\n\t\t\t\t\t\t\t<\/div>\n\t\t<\/section>\n\t\t\t\t<section class=\"elementor-section elementor-top-section elementor-element elementor-element-2d98e5a4 elementor-section-content-middle elementor-section-stretched elementor-section-height-min-height elementor-section-boxed elementor-section-height-default elementor-section-items-middle\" data-id=\"2d98e5a4\" data-element_type=\"section\" data-settings=\"{&quot;background_background&quot;:&quot;classic&quot;,&quot;stretch_section&quot;:&quot;section-stretched&quot;}\">\n\t\t\t\t\t\t<div class=\"elementor-container elementor-column-gap-no\">\n\t\t\t\t\t<div class=\"elementor-column elementor-col-50 elementor-top-column elementor-element elementor-element-2165b0eb\" data-id=\"2165b0eb\" data-element_type=\"column\">\n\t\t\t<div class=\"elementor-widget-wrap elementor-element-populated\">\n\t\t\t\t\t\t\t\t<div class=\"elementor-element elementor-element-26056148 elementor-widget elementor-widget-heading\" data-id=\"26056148\" data-element_type=\"widget\" data-widget_type=\"heading.default\">\n\t\t\t\t<div class=\"elementor-widget-container\">\n\t\t\t<h3 class=\"elementor-heading-title elementor-size-default\">\u00c9VALUER POUR MIEUX PROGRESSER<\/h3>\t\t<\/div>\n\t\t\t\t<\/div>\n\t\t\t\t\t<\/div>\n\t\t<\/div>\n\t\t\t\t<div class=\"elementor-column elementor-col-50 elementor-top-column elementor-element elementor-element-25e85dee\" data-id=\"25e85dee\" data-element_type=\"column\">\n\t\t\t<div class=\"elementor-widget-wrap elementor-element-populated\">\n\t\t\t\t\t\t\t\t<div class=\"elementor-element elementor-element-2e348794 elementor-widget-divider--view-line elementor-widget elementor-widget-divider\" data-id=\"2e348794\" data-element_type=\"widget\" data-widget_type=\"divider.default\">\n\t\t\t\t<div class=\"elementor-widget-container\">\n\t\t\t\t\t<div class=\"elementor-divider\">\n\t\t\t<span class=\"elementor-divider-separator\">\n\t\t\t\t\t\t<\/span>\n\t\t<\/div>\n\t\t\t\t<\/div>\n\t\t\t\t<\/div>\n\t\t\t\t<section class=\"elementor-section elementor-inner-section elementor-element elementor-element-4f7a63c8 elementor-section-content-middle elementor-reverse-mobile elementor-section-boxed elementor-section-height-default elementor-section-height-default\" data-id=\"4f7a63c8\" data-element_type=\"section\">\n\t\t\t\t\t\t<div class=\"elementor-container elementor-column-gap-default\">\n\t\t\t\t\t<div class=\"elementor-column elementor-col-100 elementor-inner-column elementor-element elementor-element-203e6d4d\" data-id=\"203e6d4d\" data-element_type=\"column\">\n\t\t\t<div class=\"elementor-widget-wrap elementor-element-populated\">\n\t\t\t\t\t\t\t\t<div class=\"elementor-element elementor-element-4aaf1ef6 elementor-widget elementor-widget-text-editor\" data-id=\"4aaf1ef6\" data-element_type=\"widget\" data-widget_type=\"text-editor.default\">\n\t\t\t\t<div class=\"elementor-widget-container\">\n\t\t\t\t\t\t\t<p class=\"p1\">Nos engagements pour \u00eatre toujours plus performants :<\/p><p>&gt; E<span class=\"s2\">ffectuer un bilan de chacune de nos formations et l\u2019int\u00e9grer \u00e0 nos outils de statistiques pour analyse r\u00e9guli\u00e8re.<\/span><\/p><p>&gt; P<span class=\"s2\">roc\u00e9der \u00e0 une \u00e9valuation des stagiaires avant et apr\u00e8s la formation afin de mesurer les acquis et de pouvoir conseiller sur les autres besoins de l\u2019entreprise.<\/span><\/p><p>&gt; <span class=\"s2\">En cas de non-conformit\u00e9 ou de d\u00e9faut constat\u00e9 lors de notre suivi qualit\u00e9 sur une formation, analyser les raisons du dysfonctionnement et mettre en place les mesures correctives n\u00e9cessaires.<\/span><\/p>\t\t\t\t\t\t<\/div>\n\t\t\t\t<\/div>\n\t\t\t\t\t<\/div>\n\t\t<\/div>\n\t\t\t\t\t\t\t<\/div>\n\t\t<\/section>\n\t\t\t\t\t<\/div>\n\t\t<\/div>\n\t\t\t\t\t\t\t<\/div>\n\t\t<\/section>\n\t\t\t\t\t\t<\/div>\n\t\t\t\t\t<\/div>\n\t\t","protected":false},"excerpt":{"rendered":"<p>NOUS CONNA\u00ceTRE \u00ab\u00a0De la prise de contact \u00e0 la finalisation de vos projets, Formatexia vous accompagne \u00e0 chaque \u00e9tape de vos besoins.\u00a0\u00bb NOS ENGAGEMENTS QUALIT\u00c9 &gt; Etre \u00e0 l\u2019\u00e9coute de nos clients dans l&rsquo;analyse de leurs besoins r\u00e9els et leur conseiller le plan d&rsquo;actions le plus adapt\u00e9. &gt; Assurer une r\u00e9activit\u00e9 commerciale et administrative, afin &hellip;<\/p>\n<p class=\"read-more\"> <a class=\"\" href=\"https:\/\/formatexia.com\/refonte\/nous-connaitre\/\"> <span class=\"screen-reader-text\">NOUS CONNAITRE<\/span> Lire la suite\u00a0\u00bb<\/a><\/p>\n","protected":false},"author":1,"featured_media":0,"parent":0,"menu_order":0,"comment_status":"closed","ping_status":"closed","template":"","meta":{"footnotes":""},"class_list":["post-1759","page","type-page","status-publish","hentry"],"_links":{"self":[{"href":"https:\/\/formatexia.com\/refonte\/wp-json\/wp\/v2\/pages\/1759","targetHints":{"allow":["GET"]}}],"collection":[{"href":"https:\/\/formatexia.com\/refonte\/wp-json\/wp\/v2\/pages"}],"about":[{"href":"https:\/\/formatexia.com\/refonte\/wp-json\/wp\/v2\/types\/page"}],"author":[{"embeddable":true,"href":"https:\/\/formatexia.com\/refonte\/wp-json\/wp\/v2\/users\/1"}],"replies":[{"embeddable":true,"href":"https:\/\/formatexia.com\/refonte\/wp-json\/wp\/v2\/comments?post=1759"}],"version-history":[{"count":37,"href":"https:\/\/formatexia.com\/refonte\/wp-json\/wp\/v2\/pages\/1759\/revisions"}],"predecessor-version":[{"id":5706,"href":"https:\/\/formatexia.com\/refonte\/wp-json\/wp\/v2\/pages\/1759\/revisions\/5706"}],"wp:attachment":[{"href":"https:\/\/formatexia.com\/refonte\/wp-json\/wp\/v2\/media?parent=1759"}],"curies":[{"name":"wp","href":"https:\/\/api.w.org\/{rel}","templated":true}]}}